{"id":1409,"date":"2025-05-20T02:57:08","date_gmt":"2025-05-19T18:57:08","guid":{"rendered":"https:\/\/testequiphub.com\/probador-de-coeficiente-de-friccion-de-pernos\/"},"modified":"2025-07-12T09:03:09","modified_gmt":"2025-07-12T01:03:09","slug":"probador-de-coeficiente-de-friccion-de-pernos","status":"publish","type":"page","link":"https:\/\/testequiphub.com\/es\/probador-de-coeficiente-de-friccion-de-pernos\/","title":{"rendered":"Probador de coeficiente de fricci\u00f3n de pernos"},"content":{"rendered":"\t\t<div data-elementor-type=\"wp-page\" data-elementor-id=\"1409\" class=\"elementor elementor-1409 elementor-170\">\n\t\t\t\t<div class=\"elementor-element elementor-element-4339fd2 e-flex e-con-boxed e-con e-parent\" data-id=\"4339fd2\" data-element_type=\"container\">\n\t\t\t\t\t<div class=\"e-con-inner\">\n\t\t\t\t<div class=\"elementor-element elementor-element-e4ac4ef elementor-widget elementor-widget-html\" data-id=\"e4ac4ef\" data-element_type=\"widget\" data-widget_type=\"html.default\">\n\t\t\t\t<div class=\"elementor-widget-container\">\n\t\t\t\t\t<div>\r\n\r\n\r\n  <meta charset=\"UTF-8\">\r\n  <meta name=\"viewport\" content=\"width=device-width, initial-scale=1.0\">\r\n  <title>Probador de coeficiente de fricci\u00f3n de pernos<\/title>\r\n  <style>\r\n    body {\r\n      font-family: 'Segoe UI', sans-serif;\r\n      font-size: 18px;\r\n      line-height: 1.6;\r\n      color: #1a1a1a;\r\n      background-color: #eef5fb;\r\n      margin: 0;\r\n      padding: 0;\r\n    }\r\n    .container {\r\n      max-width: 1140px;\r\n      width: 100%;\r\n      margin: 0 auto;\r\n      padding: 40px 20px;\r\n      box-sizing: border-box;\r\n    }\r\n    h1 {\r\n      font-size: 42px;\r\n      margin-bottom: 20px;\r\n    }\r\n    h2 {\r\n      font-size: 28px;\r\n      margin: 60px 0 30px;\r\n      text-align: center;\r\n      color: #1a1a1a;\r\n    }\r\n    .hero-updated {\r\n      background: linear-gradient(to right, #dbefff, #f3f9ff);\r\n      padding: 50px 30px;\r\n      border-radius: 18px;\r\n      margin-bottom: 60px;\r\n      text-align: center;\r\n    }\r\n    .hero-title {\r\n      font-size: 42px;\r\n      font-weight: bold;\r\n      margin-bottom: 40px;\r\n    }\r\n    .hero-flex {\r\n      display: flex;\r\n      flex-wrap: wrap;\r\n      justify-content: space-between;\r\n      align-items: center;\r\n      text-align: left;\r\n      gap: 30px;\r\n    }\r\n    .hero-left {\r\n      flex: 1 1 50%;\r\n      padding: 10px 20px;\r\n      font-size: 18px;\r\n      line-height: 1.7;\r\n    }\r\n    .hero-right {\r\n      flex: 1 1 45%;\r\n      text-align: center;\r\n    }\r\n    .hero-right img {\r\n      max-width: 100%;\r\n      border-radius: 14px;\r\n      box-shadow: 0 6px 20px rgba(0,0,0,0.1);\r\n    }\r\n    .hero-buttons {\r\n      margin-top: 40px;\r\n      display: flex;\r\n      justify-content: center;\r\n      gap: 20px;\r\n      flex-wrap: wrap;\r\n    }\r\n    .btn-whatsapp,\r\n    .btn-call {\r\n      padding: 14px 28px;\r\n      font-size: 16px;\r\n      font-weight: bold;\r\n      text-decoration: none;\r\n      border-radius: 8px;\r\n      box-shadow: 0 4px 12px rgba(0,0,0,0.08);\r\n      transition: all 0.3s ease;\r\n      display: inline-flex;\r\n      justify-content: center;\r\n      align-items: center;\r\n      min-width: 220px;\r\n      height: 52px;\r\n      text-align: center;\r\n    }\r\n    .btn-whatsapp { background-color: #25D366; color: white; }\r\n    .btn-whatsapp:hover { background-color: #1ebe57; }\r\n    .btn-call { background-color: #007bff; color: white; }\r\n    .btn-call:hover { background-color: #0062cc; }\r\n    .video { text-align: center; }\r\n    .video video {\r\n      width: 100%;\r\n      max-width: 800px;\r\n      border-radius: 14px;\r\n      box-shadow: 0 4px 16px rgba(0,0,0,0.1);\r\n    }\r\n    .features {\r\n      display: grid;\r\n      grid-template-columns: repeat(auto-fit, minmax(240px, 1fr));\r\n      gap: 20px;\r\n    }\r\n    .card {\r\n      background: #ffffff;\r\n      padding: 20px;\r\n      border-radius: 14px;\r\n      box-shadow: 0 4px 12px rgba(0,0,0,0.08);\r\n    }\r\n    table {\r\n      width: 100%;\r\n      background: #ffffff;\r\n      border-radius: 12px;\r\n      overflow: hidden;\r\n      box-shadow: 0 3px 10px rgba(0,0,0,0.05);\r\n      border-spacing: 0;\r\n    }\r\n    table td {\r\n      padding: 14px 20px;\r\n      border-bottom: 1px solid #eee;\r\n    }\r\n    .faq details {\r\n      margin-bottom: 16px;\r\n      background: #fff;\r\n      padding: 20px;\r\n      border-radius: 10px;\r\n      box-shadow: 0 2px 8px rgba(0,0,0,0.04);\r\n    }\r\n    .cta {\r\n      text-align: center;\r\n      background: #0066ff;\r\n      padding: 40px 20px;\r\n      color: white;\r\n      border-radius: 12px;\r\n      margin-top: 60px;\r\n    }\r\n    .cta a {\r\n      display: inline-block;\r\n      margin-top: 16px;\r\n      padding: 14px 28px;\r\n      background: white;\r\n      color: #0066ff;\r\n      border-radius: 8px;\r\n      text-decoration: none;\r\n      font-weight: bold;\r\n      font-size: 18px;\r\n    }\r\n  <\/style>\r\n\r\n\r\n  <div class=\"container\">\r\n    <section class=\"hero-updated\">\r\n      <h1 class=\"hero-title\">Probador de coeficiente de fricci\u00f3n de pernos<\/h1>\r\n      <div class=\"hero-flex\">\r\n        <div class=\"hero-left\">\r\n<p><strong>Probador de coeficiente de fricci\u00f3n de pernos <\/strong>de Pernos es un instrumento de precisi\u00f3n dise\u00f1ado para verificar la fuerza de apriete y el rendimiento de precarga de los pernos de alta resistencia utilizados en aplicaciones estructurales. El modelo <strong>LS-500B totalmente autom\u00e1tico<\/strong>, desarrollado por nuestra f\u00e1brica, admite especificaciones de pernos M16-M30 y cumple la \"Normativa de control de calidad de ingenier\u00eda de estructuras de acero\" GB50205-2020. Mide con precisi\u00f3n el par, la fuerza de apriete y la consistencia axial, garantizando la seguridad estructural y la fiabilidad de la ingenier\u00eda.  <\/p>\r\n\r\n<p>Equipado con una pantalla inteligente y un sistema de control automatizado, el LS-500B permite la supervisi\u00f3n en tiempo real, el reajuste autom\u00e1tico y la impresi\u00f3n instant\u00e1nea de informes. Sus sensores de alta precisi\u00f3n eliminan los errores manuales y mejoran la repetibilidad de los resultados. El sistema tambi\u00e9n dispone de registro autom\u00e1tico de datos, evaluaci\u00f3n r\u00e1pida de la precarga e informes integrados, por lo que es muy adecuado para laboratorios de control de calidad, l\u00edneas de producci\u00f3n y centros de ingenier\u00eda en los que la velocidad, la precisi\u00f3n y el cumplimiento de las normas son fundamentales.  <\/p>\r\n\r\n        <\/div>\r\n        <div class=\"hero-right\">\r\n          <img decoding=\"async\" src=\"https:\/\/testequiphub.com\/wp-content\/uploads\/2025\/05\/5-1.jpg\" alt=\"Probador de coeficiente de fricci\u00f3n de pernos\">\r\n        <\/div>\r\n      <\/div>\r\n      <div class=\"hero-buttons\">\r\n        <a class=\"btn-whatsapp\" href=\"https:\/\/wa.me\/447923115240\" target=\"_blank\" rel=\"nofollow noopener\">\ud83d\udcac Chatea por WhatsApp<\/a>\r\n<a class=\"btn-call\" href=\"tel:+8617395577549\">\ud83d\udcde Ll\u00e1manos directamente<\/a>\r\n      <\/div>\r\n    <\/section>\r\n\r\n    <h2>\ud83c\udfa5 Demostraci\u00f3n del probador de coeficiente de fricci\u00f3n de pernos<\/h2>\r\n    <div class=\"video\">\r\n      <video controls=\"\">\r\n        <source src=\"https:\/\/testequiphub.com\/wp-content\/uploads\/2025\/05\/9.%E5%85%A8%E8%87%AA%E5%8A%A8%E9%AB%98%E5%BC%BA%E8%9E%BA%E6%A0%93%E6%A3%80%E6%B5%8B%E4%BB%AA%E8%8B%B1%E6%96%87.mp4\" type=\"video\/mp4\">\r\n      <\/source><\/video>\r\n    <\/div>\r\n\r\n    <h2>\ud83d\uddbc\ufe0f Galer\u00eda de productos<\/h2>\r\n    <div class=\"features\">\r\n      <div class=\"card\"><img decoding=\"async\" src=\"https:\/\/testequiphub.com\/wp-content\/uploads\/2025\/05\/6-1.jpg\" alt=\"Detalle 1\"><p>\ud83d\udd27 Imagen de detalle 1<\/p><\/div>\r\n      <div class=\"card\"><img decoding=\"async\" src=\"https:\/\/testequiphub.com\/wp-content\/uploads\/2025\/05\/1-1.jpg\" alt=\"Detalle 2\"><p>\ud83d\udd27 Imagen de detalle 2<\/p><\/div>\r\n      <div class=\"card\"><img decoding=\"async\" src=\"https:\/\/testequiphub.com\/wp-content\/uploads\/2025\/05\/2-1.jpg\" alt=\"Detalle 3\"><p>\ud83d\udd27 Imagen de detalle 3<\/p><\/div>\r\n      <div class=\"card\"><img decoding=\"async\" src=\"https:\/\/testequiphub.com\/wp-content\/uploads\/2025\/05\/3.jpg\" alt=\"Detalle 4\"><p>\ud83d\udd27 Imagen de detalle 4<\/p><\/div>\r\n    <\/div>\r\n\r\n<h2>\u2699\ufe0f Caracter\u00edsticas del producto<\/h2>\r\n<div class=\"features\">\r\n  <div class=\"card\">\u2705 Dise\u00f1o ergon\u00f3mico de marco horizontal con caj\u00f3n de herramientas integrado para facilitar la operaci\u00f3n y el mantenimiento<\/div>\r\n  <div class=\"card\">\u2705 Configuraci\u00f3n r\u00e1pida del accesorio con posicionamiento guiado por riel para alinear la muestra y ejecutar con un solo clic<\/div>\r\n  <div class=\"card\">\u2705 Los mecanismos de reducci\u00f3n de velocidad y aceleraci\u00f3n mejoran la repetibilidad y la autenticidad de los resultados<\/div>\r\n  <div class=\"card\">\u2705 Calcula e imprime autom\u00e1ticamente los resultados tras completar la prueba de 8 grupos (incl. precarga media, par, coeficiente, desviaci\u00f3n)<\/div>\r\n  <div class=\"card\">\u2705 La pantalla LCD muestra los valores de precarga y par en tiempo real con salida de doble canal y retenci\u00f3n de picos<\/div>\r\n  <div class=\"card\">\u2705 M\u00faltiples funciones: ajuste de prueba, calibraci\u00f3n, consulta de registros hist\u00f3ricos, retenci\u00f3n de picos, avisos de alarma, indicadores de l\u00edmite superior\/inferior<\/div>\r\n<\/div>\r\n\r\n\r\n<h2>\ud83c\udf0d \u00c1reas de aplicaci\u00f3n<\/h2>\r\n<div class=\"app-full-block-left\">\r\n  <p>\ud83c\udfd7\ufe0f <strong>Verificaci\u00f3n del montaje de estructuras de acero<\/strong> - Garantiza que cada perno cumple las normas de par de apriete y precarga de dise\u00f1o, cr\u00edticas para edificios, puentes y torres.<\/p>\r\n  <p>\ud83c\udfed <strong>Inspecci\u00f3n de la l\u00ednea de producci\u00f3n en f\u00e1brica<\/strong> - Pruebas r\u00e1pidas y autom\u00e1ticas del rendimiento de los pernos en entornos de producci\u00f3n en serie, minimizando los errores y mejorando la coherencia.<\/p>\r\n  <p>\ud83d\udd27 <strong>Comprobaciones de seguridad en la obra<\/strong> - Se utilizan durante y despu\u00e9s de la instalaci\u00f3n de los pernos para verificar la estanqueidad mec\u00e1nica y evitar futuros fallos.<\/p>\r\n  <p>\ud83d\udcca <strong>Garant\u00eda de calidad en ingenier\u00eda<\/strong>: se aplica en laboratorios y departamentos de garant\u00eda de calidad para generar informes trazables y estandarizados para la documentaci\u00f3n de cumplimiento de los pernos.<\/p>\r\n<\/div>\r\n\r\n<style>\r\n.app-full-block-left {\r\n  background: #ffffff;\r\n  border-radius: 16px;\r\n  padding: 32px 30px;\r\n  box-shadow: 0 4px 16px rgba(0,0,0,0.08);\r\n  max-width: 100%;\r\n  margin: 30px auto;\r\n  font-size: 18px;\r\n  line-height: 1.8;\r\n  color: #1a1a1a;\r\n  text-align: left;\r\n}\r\n.app-full-block-left p {\r\n  margin: 0 0 20px;\r\n}\r\n.app-full-block-left p strong {\r\n  color: #000000;\r\n}\r\n<\/style>\r\n\r\n\r\n    <h2>\ud83d\udcca Especificaciones t\u00e9cnicas<\/h2>\r\n    <table>\r\n      <tr><td>Tipo de salida<\/td><td>Resistiva, Inductiva + Capacitiva<\/td><\/tr>\r\n      <tr><td>Salida de tensi\u00f3n<\/td><td>0~275V<\/td><\/tr>\r\n      <tr><td>Salida de corriente<\/td><td>1~63A<\/td><\/tr>\r\n      <tr><td>Contador<\/td><td>0~999999<\/td><\/tr>\r\n      <tr><td>Fuente de alimentaci\u00f3n<\/td><td>AC220V\/50Hz\/30A<\/td><\/tr>\r\n      <tr><td>Condensador Carga A<\/td><td>70uF + 140uF<\/td><\/tr>\r\n      <tr><td>Carga B<\/td><td>Condensador 7,3uF + inductor 0,5H<\/td><\/tr>\r\n      <tr><td>Factor de potencia<\/td><td>0,6-0,98 (por encima de 16 A) \/ 0,3-0,98 (por debajo de 16 A)<\/td><\/tr>\r\n      <tr><td>Dimensiones<\/td><td>2100\u00d7600\u00d71450 mm<\/td><\/tr>\r\n      <tr><td>Peso<\/td><td>500 kg<\/td><\/tr>\r\n    <\/table>\r\n\r\n    <h2>\u2753 Preguntas frecuentes<\/h2>\r\n    <section class=\"faq\">\r\n      <details><summary><strong>\u00bfAdmite varios tama\u00f1os de tornillos?<\/strong><\/summary><p>S\u00ed, el sistema admite rangos de cerrojo M16-M30.<\/p><\/details>\r\n      <details><summary><strong>\u00bfPuedo imprimir informes autom\u00e1ticamente?<\/strong><\/summary><p>S\u00ed, los informes se generan e imprimen instant\u00e1neamente despu\u00e9s de las pruebas.<\/p><\/details>\r\n      <details><summary><strong>\u00bfEs adecuado para el uso en la l\u00ednea de producci\u00f3n de la f\u00e1brica?<\/strong><\/summary><p>S\u00ed, est\u00e1 totalmente automatizado y es ideal para inspecciones de lotes industriales.<\/p><\/details>\r\n    <\/section>\r\n\r\n    <h2 style=\"text-align: center; margin-top: 80px;\">\ud83d\udca1 \u00bfPor qu\u00e9 elegirnos?<\/h2>\r\n    <div style=\"background-color: #ffffff; border-radius: 12px; padding: 30px; box-shadow: 0 4px 14px rgba(0,0,0,0.06); margin-top: 20px;\">\r\n      <p><strong>Tianchang Tongda Instruments Co., Ltd.<\/strong> es un fabricante de equipos de ensayo de confianza en China, con m\u00e1s de 20 a\u00f1os de experiencia en ensayos industriales y control de calidad.<\/p>\r\n      <p>Estamos especializados en equipos de alta precisi\u00f3n para tuber\u00edas, estructuras de acero, barras de refuerzo, cables, materiales aislantes y mucho m\u00e1s. Nuestros instrumentos se utilizan ampliamente en laboratorios, plantas de fabricaci\u00f3n, universidades y agencias de inspecci\u00f3n de terceros. <\/p>\r\n      <p>Como empresa con certificaci\u00f3n ISO, garantizamos que todos los productos cumplen normas internacionales como ISO, ASTM y EN. Desde la instalaci\u00f3n hasta la asistencia remota, ofrecemos un servicio fiable y asistencia t\u00e9cnica a largo plazo. <\/p>\r\n      <p>Nuestra red de ventas abarca todas las provincias de China y sigue expandi\u00e9ndose por todo el mundo. Clientes del Sudeste Asi\u00e1tico, Oriente Medio y Europa conf\u00edan en nosotros para obtener soluciones de ensayo precisas y eficaces. <\/p>\r\n      <ul style=\"list-style: none; padding-left: 0; margin-top: 20px;\">\r\n        <li>\u2705 M\u00e1s de 20 a\u00f1os de experiencia en fabricaci\u00f3n<\/li>\r\n        <li>\u2705 Cumple las normas ISO, ASTM y EN<\/li>\r\n        <li>\u2705 Adoptado por los mejores laboratorios y centros de investigaci\u00f3n<\/li>\r\n        <li>\u2705 Asistencia posventa completa y entrega r\u00e1pida<\/li>\r\n        <li>\u2705 Soluciones de pruebas personalizadas y adaptadas a tus necesidades<\/li>\r\n      <\/ul>\r\n    <\/div>\r\n\r\n\r\n    <section class=\"cta\">\r\n      <h2>\u00bfNecesitas un presupuesto o una consulta?<\/h2>\r\n      <p>Ponte en contacto con nosotros ahora para encontrar el modelo adecuado para tus tareas de inspecci\u00f3n del par de apriete de los pernos.<\/p>\r\n      <p style=\"margin-top:12px;\">\ud83d\udce6 Entrega mundial disponible.<\/p>\r\n      <a href=\"https:\/\/wa.me\/447923115240\" target=\"_blank\" rel=\"nofollow noopener\">\ud83d\udce5 Chatear por WhatsApp<\/a>\r\n    <\/section>\r\n  <\/div>\r\n\r\n<\/div>\t\t\t\t<\/div>\n\t\t\t\t<\/div>\n\t\t\t\t\t<\/div>\n\t\t\t\t<\/div>\n\t\t\t\t<\/div>\n\t\t","protected":false},"excerpt":{"rendered":"<p>Probador de coeficiente de fricci\u00f3n de pernos Probador de coeficiente de fricci\u00f3n de pernos Probador de coeficiente de fricci\u00f3n de pernos de Pernos es un instrumento de precisi\u00f3n dise\u00f1ado para verificar la fuerza de apriete y el rendimiento de precarga de los pernos de alta resistencia utilizados en aplicaciones estructurales. El modelo LS-500B totalmente autom\u00e1tico, [&hellip;]<\/p>\n","protected":false},"author":1,"featured_media":0,"parent":0,"menu_order":0,"comment_status":"closed","ping_status":"closed","template":"","meta":{"ocean_post_layout":"full-screen","ocean_both_sidebars_style":"","ocean_both_sidebars_content_width":0,"ocean_both_sidebars_sidebars_width":0,"ocean_sidebar":"","ocean_second_sidebar":"","ocean_disable_margins":"enable","ocean_add_body_class":"","ocean_shortcode_before_top_bar":"","ocean_shortcode_after_top_bar":"","ocean_shortcode_before_header":"","ocean_shortcode_after_header":"","ocean_has_shortcode":"","ocean_shortcode_after_title":"","ocean_shortcode_before_footer_widgets":"","ocean_shortcode_after_footer_widgets":"","ocean_shortcode_before_footer_bottom":"","ocean_shortcode_after_footer_bottom":"","ocean_display_top_bar":"off","ocean_display_header":"default","ocean_header_style":"","ocean_center_header_left_menu":"","ocean_custom_header_template":"","ocean_custom_logo":0,"ocean_custom_retina_logo":0,"ocean_custom_logo_max_width":0,"ocean_custom_logo_tablet_max_width":0,"ocean_custom_logo_mobile_max_width":0,"ocean_custom_logo_max_height":0,"ocean_custom_logo_tablet_max_height":0,"ocean_custom_logo_mobile_max_height":0,"ocean_header_custom_menu":"","ocean_menu_typo_font_family":"","ocean_menu_typo_font_subset":"","ocean_menu_typo_font_size":0,"ocean_menu_typo_font_size_tablet":0,"ocean_menu_typo_font_size_mobile":0,"ocean_menu_typo_font_size_unit":"px","ocean_menu_typo_font_weight":"","ocean_menu_typo_font_weight_tablet":"","ocean_menu_typo_font_weight_mobile":"","ocean_menu_typo_transform":"","ocean_menu_typo_transform_tablet":"","ocean_menu_typo_transform_mobile":"","ocean_menu_typo_line_height":0,"ocean_menu_typo_line_height_tablet":0,"ocean_menu_typo_line_height_mobile":0,"ocean_menu_typo_line_height_unit":"","ocean_menu_typo_spacing":0,"ocean_menu_typo_spacing_tablet":0,"ocean_menu_typo_spacing_mobile":0,"ocean_menu_typo_spacing_unit":"","ocean_menu_link_color":"","ocean_menu_link_color_hover":"","ocean_menu_link_color_active":"","ocean_menu_link_background":"","ocean_menu_link_hover_background":"","ocean_menu_link_active_background":"","ocean_menu_social_links_bg":"","ocean_menu_social_hover_links_bg":"","ocean_menu_social_links_color":"","ocean_menu_social_hover_links_color":"","ocean_disable_title":"on","ocean_disable_heading":"default","ocean_post_title":"","ocean_post_subheading":"","ocean_post_title_style":"","ocean_post_title_background_color":"","ocean_post_title_background":0,"ocean_post_title_bg_image_position":"","ocean_post_title_bg_image_attachment":"","ocean_post_title_bg_image_repeat":"","ocean_post_title_bg_image_size":"","ocean_post_title_height":0,"ocean_post_title_bg_overlay":0.5,"ocean_post_title_bg_overlay_color":"","ocean_disable_breadcrumbs":"default","ocean_breadcrumbs_color":"","ocean_breadcrumbs_separator_color":"","ocean_breadcrumbs_links_color":"","ocean_breadcrumbs_links_hover_color":"","ocean_display_footer_widgets":"default","ocean_display_footer_bottom":"default","ocean_custom_footer_template":"","iawp_total_views":1,"footnotes":""},"class_list":["post-1409","page","type-page","status-publish","hentry","entry"],"_links":{"self":[{"href":"https:\/\/testequiphub.com\/es\/wp-json\/wp\/v2\/pages\/1409","targetHints":{"allow":["GET"]}}],"collection":[{"href":"https:\/\/testequiphub.com\/es\/wp-json\/wp\/v2\/pages"}],"about":[{"href":"https:\/\/testequiphub.com\/es\/wp-json\/wp\/v2\/types\/page"}],"author":[{"embeddable":true,"href":"https:\/\/testequiphub.com\/es\/wp-json\/wp\/v2\/users\/1"}],"replies":[{"embeddable":true,"href":"https:\/\/testequiphub.com\/es\/wp-json\/wp\/v2\/comments?post=1409"}],"version-history":[{"count":2,"href":"https:\/\/testequiphub.com\/es\/wp-json\/wp\/v2\/pages\/1409\/revisions"}],"predecessor-version":[{"id":1411,"href":"https:\/\/testequiphub.com\/es\/wp-json\/wp\/v2\/pages\/1409\/revisions\/1411"}],"wp:attachment":[{"href":"https:\/\/testequiphub.com\/es\/wp-json\/wp\/v2\/media?parent=1409"}],"curies":[{"name":"wp","href":"https:\/\/api.w.org\/{rel}","templated":true}]}}