{"id":1423,"date":"2025-05-20T02:56:34","date_gmt":"2025-05-19T18:56:34","guid":{"rendered":"https:\/\/testequiphub.com\/?page_id=1423"},"modified":"2025-07-12T09:44:52","modified_gmt":"2025-07-12T01:44:52","slug":"penetrometro-estatico-de-cono","status":"publish","type":"page","link":"https:\/\/testequiphub.com\/es\/penetrometro-estatico-de-cono\/","title":{"rendered":"Penetr\u00f3metro est\u00e1tico de cono"},"content":{"rendered":"\t\t<div data-elementor-type=\"wp-page\" data-elementor-id=\"1423\" class=\"elementor elementor-1423\">\n\t\t\t\t<div class=\"elementor-element elementor-element-c3cfc67 e-flex e-con-boxed e-con e-parent\" data-id=\"c3cfc67\" data-element_type=\"container\">\n\t\t\t\t\t<div class=\"e-con-inner\">\n\t\t\t\t<div class=\"elementor-element elementor-element-74d4a64 elementor-widget elementor-widget-html\" data-id=\"74d4a64\" data-element_type=\"widget\" data-widget_type=\"html.default\">\n\t\t\t\t<div class=\"elementor-widget-container\">\n\t\t\t\t\t<div>\n\n\n  <meta charset=\"UTF-8\">\n  <meta name=\"viewport\" content=\"width=device-width, initial-scale=1.0\">\n  <title>Penetr\u00f3metro est\u00e1tico de cono<\/title>\n  <style>\n    body {\n      font-family: 'Segoe UI', sans-serif;\n      font-size: 18px;\n      line-height: 1.6;\n      color: #1a1a1a;\n      background-color: #eef5fb;\n      margin: 0;\n      padding: 0;\n    }\n    .container {\n      max-width: 1140px;\n      width: 100%;\n      margin: 0 auto;\n      padding: 40px 20px;\n      box-sizing: border-box;\n    }\n    h1 {\n      font-size: 42px;\n      margin-bottom: 20px;\n    }\n    h2 {\n      font-size: 28px;\n      margin: 60px 0 30px;\n      text-align: center;\n      color: #1a1a1a;\n    }\n    .hero-updated {\n      background: linear-gradient(to right, #dbefff, #f3f9ff);\n      padding: 50px 30px;\n      border-radius: 18px;\n      margin-bottom: 60px;\n      text-align: center;\n    }\n    .hero-title {\n      font-size: 42px;\n      font-weight: bold;\n      margin-bottom: 40px;\n    }\n    .hero-flex {\n      display: flex;\n      flex-wrap: wrap;\n      justify-content: space-between;\n      align-items: center;\n      text-align: left;\n      gap: 30px;\n    }\n    .hero-left {\n      flex: 1 1 50%;\n      padding: 10px 20px;\n      font-size: 18px;\n      line-height: 1.7;\n    }\n    .hero-right {\n      flex: 1 1 45%;\n      text-align: center;\n    }\n    .hero-right img {\n      max-width: 100%;\n      border-radius: 14px;\n      box-shadow: 0 6px 20px rgba(0,0,0,0.1);\n    }\n    .hero-buttons {\n      margin-top: 40px;\n      display: flex;\n      justify-content: center;\n      gap: 20px;\n      flex-wrap: wrap;\n    }\n.btn-whatsapp,\n.btn-call {\n  padding: 14px 28px;\n  font-size: 16px;\n  font-weight: bold;\n  text-decoration: none;\n  border-radius: 8px;\n  box-shadow: 0 4px 12px rgba(0,0,0,0.08);\n  transition: all 0.3s ease;\n  \n  display: inline-flex;           \/* \u8ba9\u5185\u5bb9\u6c34\u5e73\u5782\u76f4\u5c45\u4e2d *\/\n  justify-content: center;\n  align-items: center;\n\n  min-width: 220px;               \/* \u8bbe\u7f6e\u6309\u94ae\u7edf\u4e00\u6700\u5c0f\u5bbd\u5ea6 *\/\n  height: 52px;                   \/* \u8bbe\u7f6e\u6309\u94ae\u7edf\u4e00\u9ad8\u5ea6 *\/\n  text-align: center;\n}\n    .btn-whatsapp {\n      background-color: #25D366;\n      color: white;\n    }\n    .btn-whatsapp:hover {\n      background-color: #1ebe57;\n    }\n    .btn-call {\n      background-color: #007bff;\n      color: white;\n    }\n    .btn-call:hover {\n      background-color: #0062cc;\n    }\n    .features {\n      display: grid;\n      grid-template-columns: repeat(auto-fit, minmax(240px, 1fr));\n      gap: 20px;\n    }\n    .card {\n      background: #ffffff;\n      padding: 20px;\n      border-radius: 14px;\n      box-shadow: 0 4px 12px rgba(0,0,0,0.08);\n    }\n    table {\n      width: 100%;\n      background: #ffffff;\n      border-radius: 12px;\n      overflow: hidden;\n      box-shadow: 0 3px 10px rgba(0,0,0,0.05);\n      border-spacing: 0;\n    }\n    table td {\n      padding: 14px 20px;\n      border-bottom: 1px solid #eee;\n    }\n    .video {\n      text-align: center;\n    }\n    .video video {\n      width: 100%;\n      max-width: 800px;\n      border-radius: 14px;\n      box-shadow: 0 4px 16px rgba(0,0,0,0.1);\n    }\n    .faq details {\n      margin-bottom: 16px;\n      background: #fff;\n      padding: 20px;\n      border-radius: 10px;\n      box-shadow: 0 2px 8px rgba(0,0,0,0.04);\n    }\n    .cta {\n      text-align: center;\n      background: #0066ff;\n      padding: 40px 20px;\n      color: white;\n      border-radius: 12px;\n      margin-top: 60px;\n    }\n    .cta a {\n      display: inline-block;\n      margin-top: 16px;\n      padding: 14px 28px;\n      background: white;\n      color: #0066ff;\n      border-radius: 8px;\n      text-decoration: none;\n      font-weight: bold;\n      font-size: 18px;\n    }\n    @media (max-width: 768px) {\n      .hero-flex {\n        flex-direction: column;\n      }\n      .hero-left,\n      .hero-right {\n        max-width: 100%;\n        flex: 1 1 100%;\n      }\n      .hero-left {\n        text-align: center;\n      }\n    }\n  <\/style>\n\n\n  <div class=\"container\">\n    <section class=\"hero-updated\">\n      <h1 class=\"hero-title\">Penetr\u00f3metro est\u00e1tico de cono<\/h1>\n      <div class=\"hero-flex\">\n<div class=\"hero-left\">\n<p><strong>El Penetr\u00f3metro est\u00e1tico de cono<\/strong> es un instrumento de ensayo de alta precisi\u00f3n dise\u00f1ado espec\u00edficamente para la investigaci\u00f3n de suelos, los estudios geot\u00e9cnicos y el an\u00e1lisis de cimentaciones. Admite una amplia gama de pruebas, como puente simple, puente doble, placa transversal y detecci\u00f3n de la presi\u00f3n del agua de poros, lo que lo hace adecuado para diversos entornos de ingenier\u00eda. <\/p>\n<p>Equipado con tres canales de conversi\u00f3n A\/D y capaz de conservar los datos internos incluso sin alimentaci\u00f3n, este dispositivo garantiza un rendimiento preciso y estable tanto en condiciones de laboratorio como de campo. Su visualizaci\u00f3n de datos en tiempo real, su intuitivo seguimiento de curvas y sus flexibles modos de muestreo mejoran enormemente la eficacia operativa y reducen los errores humanos. <\/p>\n<p>El Penetr\u00f3metro de Cono Est\u00e1tico se aplica ampliamente en proyectos de construcci\u00f3n, construcci\u00f3n de puentes, evaluaci\u00f3n de firmes de carreteras e ingenier\u00eda medioambiental. Cumple las normas nacionales e internacionales y goza de la confianza de institutos de investigaci\u00f3n, laboratorios de control de calidad y empresas de ingenier\u00eda de todo el mundo. <\/p>\n\n<\/div>\n\n        <div class=\"hero-right\">\n          <img decoding=\"async\" src=\"https:\/\/testequiphub.com\/wp-content\/uploads\/2025\/05\/%E6%AD%A3%E9%9D%A2%E7%BB%84%E5%90%883.jpg\" alt=\"Penetr\u00f3metro est\u00e1tico de cono\">\n        <\/div>\n      <\/div>\n      <div class=\"hero-buttons\">\n        <a class=\"btn-whatsapp\" href=\"https:\/\/wa.me\/447923115240\" target=\"_blank\" rel=\"nofollow noopener\">\ud83d\udcac Chatea por WhatsApp<\/a>\n<a class=\"btn-call\" href=\"tel:+8617395577549\">\ud83d\udcde Ll\u00e1manos directamente<\/a>\n      <\/div>\n    <\/section>\n\n    <h2>\ud83c\udfa5 Demostraci\u00f3n del Penetr\u00f3metro est\u00e1tico de cono<\/h2>\n    <div class=\"video\">\n      <video controls=\"\">\n        <source src=\"https:\/\/testequiphub.com\/wp-content\/uploads\/2025\/05\/25%E3%80%81%E9%9D%99%E7%94%B5%E8%A7%A6%E6%8E%A2%E6%B5%8B%E9%87%8F%E4%BB%AA%EF%BC%88%E8%8B%B1%E6%96%87%EF%BC%89.mp4\" type=\"video\/mp4\">\n      <\/source><\/video>\n    <\/div>\n<!-- Machine Accessories Gallery -->\n<!-- Machine Accessories Gallery -->\n<h2>\ud83d\uddbc\ufe0f Galer\u00eda de accesorios para m\u00e1quinas<\/h2>\n<div class=\"features\">\n  <div class=\"card\">\n    <img decoding=\"async\" src=\"https:\/\/testequiphub.com\/wp-content\/uploads\/2025\/05\/%E9%93%BE%E6%9D%A1%E7%BB%86%E8%8A%82.jpg\" alt=\"Detalle de la cadena\">\n    <p style=\"text-align:center; margin-top:10px;\">\ud83d\udd29 Detalle de la cadena<\/p>\n  <\/div>\n  <div class=\"card\">\n    <img decoding=\"async\" src=\"https:\/\/testequiphub.com\/wp-content\/uploads\/2025\/05\/%E9%A1%B6%E9%83%A8%E9%BD%BF%E8%BD%AE%E7%BB%86%E8%8A%82.jpg\" alt=\"Detalle de Top Gear\">\n    <p style=\"text-align:center; margin-top:10px;\">\u2699\ufe0f Detalle de Top Gear<\/p>\n  <\/div>\n  <div class=\"card\">\n    <img decoding=\"async\" src=\"https:\/\/testequiphub.com\/wp-content\/uploads\/2025\/05\/%E5%BA%95%E9%83%A8%E7%BB%86%E8%8A%82.jpg\" alt=\"Detalle del fondo\">\n    <p style=\"text-align:center; margin-top:10px;\">\ud83d\udccd Detalle del fondo<\/p>\n  <\/div>\n  <div class=\"card\">\n    <img decoding=\"async\" src=\"https:\/\/testequiphub.com\/wp-content\/uploads\/2025\/05\/%E7%BB%84%E5%90%883%E9%A1%B6%E9%83%A8%E7%BB%86%E8%8A%82.jpg\" alt=\"Detalle del combo superior\">\n    <p style=\"text-align:center; margin-top:10px;\">\ud83e\uddf1 Detalle del combo superior<\/p>\n  <\/div>\n  <div class=\"card\">\n    <img decoding=\"async\" src=\"https:\/\/testequiphub.com\/wp-content\/uploads\/2025\/05\/%E9%85%8D%E4%BB%B61.jpg\" alt=\"Accesorio 1\">\n    <p style=\"text-align:center; margin-top:10px;\">\ud83d\udd27 Accesorio 1<\/p>\n  <\/div>\n  <div class=\"card\">\n    <img decoding=\"async\" src=\"https:\/\/testequiphub.com\/wp-content\/uploads\/2025\/05\/%E9%85%8D%E4%BB%B62.jpg\" alt=\"Accesorio 2\">\n    <p style=\"text-align:center; margin-top:10px;\">\ud83d\udd27 Accesorio 2<\/p>\n  <\/div>\n  <div class=\"card\">\n    <img decoding=\"async\" src=\"https:\/\/testequiphub.com\/wp-content\/uploads\/2025\/05\/%E9%85%8D%E4%BB%B63.jpg\" alt=\"Accesorio 3\">\n    <p style=\"text-align:center; margin-top:10px;\">\ud83d\udd27 Accesorio 3<\/p>\n  <\/div>\n  <div class=\"card\">\n    <img decoding=\"async\" src=\"https:\/\/testequiphub.com\/wp-content\/uploads\/2025\/05\/%E7%BB%84%E5%90%882%E6%93%8D%E4%BD%9C%E5%B9%B3%E5%8F%B0%E7%BB%86%E8%8A%82.jpg\" alt=\"Plataforma Detalle\">\n    <p style=\"text-align:center; margin-top:10px;\">\ud83d\udda5\ufe0f Plataforma Detalle<\/p>\n  <\/div>\n\n<\/div>\n<h2>\u2699\ufe0f Caracter\u00edsticas principales<\/h2>\n<div class=\"features\">\n  <div class=\"card\">\u2705 Dise\u00f1o compacto y totalmente sellado para portabilidad y durabilidad en el campo<\/div>\n  <div class=\"card\">\u2705 Conversi\u00f3n A\/D independiente de tres canales con aislamiento de interferencias<\/div>\n  <div class=\"card\">\u2705 Gran pantalla LCD de 240\u00d7128 con visualizaci\u00f3n de datos de profundidad y multicanal en tiempo real<\/div>\n  <div class=\"card\">\u2705 La bater\u00eda de litio incorporada soporta 50-60 horas de funcionamiento, hasta 10 d\u00edas en espera<\/div>\n  <div class=\"card\">\u2705 Admite comunicaci\u00f3n RS232 o USB, carga de datos al PC directamente<\/div>\n  <div class=\"card\">\u2705 Dise\u00f1o de configuraci\u00f3n modular: los usuarios pueden elegir libremente los accesorios y las funciones<\/div>\n<\/div>\n\n    \n<!-- Application Areas -->\n<h2>\ud83c\udf0d \u00c1reas de aplicaci\u00f3n<\/h2>\n<div class=\"app-full-block-left\">\n  <p>\ud83c\udfd7\ufe0f <strong>Investigaci\u00f3n del suelo de cimentaci\u00f3n<\/strong> para construcciones y puentes, garantizando la estabilidad estructural mediante un perfilado estratigr\u00e1fico preciso y la evaluaci\u00f3n de la capacidad portante.<\/p>\n  <p>\ud83c\udf09 <strong>Pruebas geot\u00e9cnicas de carreteras y firmes<\/strong> para evaluar la resistencia del subsuelo, la calidad de la compactaci\u00f3n y la resistencia a la carga a largo plazo de las estructuras de los firmes.<\/p>\n  <p>\ud83e\uddea An\u00e1lisis <strong>in situ<\/strong> de <strong>la densidad del suelo<\/strong> y la capacidad portante durante la construcci\u00f3n in situ para verificar la conformidad de los materiales, optimizar el dise\u00f1o de los cimientos y reducir los riesgos de ingenier\u00eda.<\/p>\n  <p>\ud83c\udf0d Proyectos de <strong>prospecci\u00f3n geol\u00f3gica<\/strong> e ingenier\u00eda medioambiental relacionados con la cartograf\u00eda de la capa de suelo, la evaluaci\u00f3n del comportamiento de las aguas subterr\u00e1neas y la clasificaci\u00f3n de la idoneidad del terreno.<\/p>\n<\/div>\n\n<style>\n.app-full-block-left {\n  background: #ffffff;\n  border-radius: 16px;\n  padding: 32px 30px;\n  box-shadow: 0 4px 16px rgba(0,0,0,0.08);\n  max-width: 100%;\n  margin: 30px auto;\n  font-size: 18px;\n  line-height: 1.8;\n  color: #1a1a1a;\n  text-align: left;\n}\n.app-full-block-left p {\n  margin: 0 0 20px;\n}\n.app-full-block-left p strong {\n  color: #000000;\n}\n<\/style>\n\n    <h2>\ud83d\udcca Par\u00e1metros t\u00e9cnicos<\/h2>\n    <table>\n      <tr><td>Dimensiones<\/td><td>208 x 148 x 58 mm<\/td><\/tr>\n      <tr><td>Peso<\/td><td>0,5 kg<\/td><\/tr>\n      <tr><td>Canales de entrada<\/td><td>3 (Diferencial, -2~12,5mV)<\/td><\/tr>\n      <tr><td>Resoluci\u00f3n A\/D<\/td><td>1\/20000<\/td><\/tr>\n      <tr><td>Error de medici\u00f3n<\/td><td>\u2264 \u00b10.1%<\/td><\/tr>\n      <tr><td>Tiempo de muestreo<\/td><td>10 ms<\/td><\/tr>\n      <tr><td>Profundidad Intervalo de muestreo<\/td><td>10 cm<\/td><\/tr>\n      <tr><td>Intervalo de tiempo<\/td><td>1s-36h<\/td><\/tr>\n      <tr><td>Profundidad m\u00e1xima del agujero<\/td><td>100 m<\/td><\/tr>\n      <tr><td>Max Agujeros<\/td><td>199<\/td><\/tr>\n    <\/table>\n\n    <h2>\u2753 Preguntas frecuentes<\/h2>\n    <section class=\"faq\">\n      <details>\n        <summary><strong>\u00bfPuede utilizarse para pruebas in situ?<\/strong><\/summary>\n        <p>S\u00ed, est\u00e1 dise\u00f1ado tanto para pruebas de suelo de laboratorio como de campo.<\/p>\n      <\/details>\n      <details>\n        <summary><strong>\u00bfSe incluye software para la exportaci\u00f3n de datos?<\/strong><\/summary>\n        <p>S\u00ed. Los datos pueden exportarse para su an\u00e1lisis mediante un software espec\u00edfico para PC. <\/p>\n      <\/details>\n      <details>\n        <summary><strong>\u00bfApoy\u00e1is a los compradores internacionales?<\/strong><\/summary>\n        <p>Proporcionamos env\u00edo mundial y asistencia t\u00e9cnica remota en ingl\u00e9s.<\/p>\n      <\/details>\n    <\/section>\n    <h2 style=\"text-align: center; margin-top: 80px;\">\ud83d\udca1 \u00bfPor qu\u00e9 elegirnos?<\/h2>\n    <div style=\"background-color: #ffffff; border-radius: 12px; padding: 30px; box-shadow: 0 4px 14px rgba(0,0,0,0.06); margin-top: 20px;\">\n      <p><strong>Tianchang Tongda Instruments Co., Ltd.<\/strong> es un fabricante de equipos de ensayo de confianza en China, con m\u00e1s de 20 a\u00f1os de experiencia en ensayos industriales y control de calidad.<\/p>\n      <p>Estamos especializados en equipos de alta precisi\u00f3n para tuber\u00edas, estructuras de acero, barras de refuerzo, cables, materiales aislantes y mucho m\u00e1s. Nuestros instrumentos se utilizan ampliamente en laboratorios, plantas de fabricaci\u00f3n, universidades y agencias de inspecci\u00f3n de terceros. <\/p>\n      <p>Como empresa con certificaci\u00f3n ISO, garantizamos que todos los productos cumplen normas internacionales como ISO, ASTM y EN. Desde la instalaci\u00f3n hasta la asistencia remota, ofrecemos un servicio fiable y asistencia t\u00e9cnica a largo plazo. <\/p>\n      <p>Nuestra red de ventas abarca todas las provincias de China y sigue expandi\u00e9ndose por todo el mundo. Clientes del Sudeste Asi\u00e1tico, Oriente Medio y Europa conf\u00edan en nosotros para obtener soluciones de ensayo precisas y eficaces. <\/p>\n      <ul style=\"list-style: none; padding-left: 0; margin-top: 20px;\">\n        <li>\u2705 M\u00e1s de 20 a\u00f1os de experiencia en fabricaci\u00f3n<\/li>\n        <li>\u2705 Cumple las normas ISO, ASTM y EN<\/li>\n        <li>\u2705 Adoptado por los mejores laboratorios y centros de investigaci\u00f3n<\/li>\n        <li>\u2705 Asistencia posventa completa y entrega r\u00e1pida<\/li>\n        <li>\u2705 Soluciones de pruebas personalizadas y adaptadas a tus necesidades<\/li>\n      <\/ul>\n    <\/div>\n    <section class=\"cta\">\n      <h2>\u00bfNecesitas un presupuesto o una consulta?<\/h2>\n      <p>Ponte en contacto con nosotros ahora para encontrar el modelo adecuado para tus necesidades de an\u00e1lisis de suelos.<\/p>\n      <p style=\"margin-top:12px;\">\ud83d\udce6 Entrega mundial disponible.<\/p>\n      <a href=\"https:\/\/wa.me\/447923115240\" target=\"_blank\" rel=\"nofollow noopener\">\ud83d\udce5 Chatear por WhatsApp<\/a>\n    <\/section>\n  <\/div>\n\n\n<\/div>\t\t\t\t<\/div>\n\t\t\t\t<\/div>\n\t\t\t\t\t<\/div>\n\t\t\t\t<\/div>\n\t\t\t\t<\/div>\n\t\t","protected":false},"excerpt":{"rendered":"<p>Penetr\u00f3metro est\u00e1tico de cono Penetr\u00f3metro est\u00e1tico de cono El Penetr\u00f3metro est\u00e1tico de cono es un instrumento de ensayo de alta precisi\u00f3n dise\u00f1ado espec\u00edficamente para la investigaci\u00f3n de suelos, los estudios geot\u00e9cnicos y el an\u00e1lisis de cimentaciones. Admite una amplia gama de pruebas, como puente simple, puente doble, placa transversal y detecci\u00f3n de la presi\u00f3n del [&hellip;]<\/p>\n","protected":false},"author":1,"featured_media":0,"parent":0,"menu_order":0,"comment_status":"closed","ping_status":"closed","template":"","meta":{"ocean_post_layout":"full-screen","ocean_both_sidebars_style":"","ocean_both_sidebars_content_width":0,"ocean_both_sidebars_sidebars_width":0,"ocean_sidebar":"","ocean_second_sidebar":"","ocean_disable_margins":"enable","ocean_add_body_class":"","ocean_shortcode_before_top_bar":"","ocean_shortcode_after_top_bar":"","ocean_shortcode_before_header":"","ocean_shortcode_after_header":"","ocean_has_shortcode":"","ocean_shortcode_after_title":"","ocean_shortcode_before_footer_widgets":"","ocean_shortcode_after_footer_widgets":"","ocean_shortcode_before_footer_bottom":"","ocean_shortcode_after_footer_bottom":"","ocean_display_top_bar":"off","ocean_display_header":"default","ocean_header_style":"","ocean_center_header_left_menu":"","ocean_custom_header_template":"","ocean_custom_logo":0,"ocean_custom_retina_logo":0,"ocean_custom_logo_max_width":0,"ocean_custom_logo_tablet_max_width":0,"ocean_custom_logo_mobile_max_width":0,"ocean_custom_logo_max_height":0,"ocean_custom_logo_tablet_max_height":0,"ocean_custom_logo_mobile_max_height":0,"ocean_header_custom_menu":"","ocean_menu_typo_font_family":"","ocean_menu_typo_font_subset":"","ocean_menu_typo_font_size":0,"ocean_menu_typo_font_size_tablet":0,"ocean_menu_typo_font_size_mobile":0,"ocean_menu_typo_font_size_unit":"px","ocean_menu_typo_font_weight":"","ocean_menu_typo_font_weight_tablet":"","ocean_menu_typo_font_weight_mobile":"","ocean_menu_typo_transform":"","ocean_menu_typo_transform_tablet":"","ocean_menu_typo_transform_mobile":"","ocean_menu_typo_line_height":0,"ocean_menu_typo_line_height_tablet":0,"ocean_menu_typo_line_height_mobile":0,"ocean_menu_typo_line_height_unit":"","ocean_menu_typo_spacing":0,"ocean_menu_typo_spacing_tablet":0,"ocean_menu_typo_spacing_mobile":0,"ocean_menu_typo_spacing_unit":"","ocean_menu_link_color":"","ocean_menu_link_color_hover":"","ocean_menu_link_color_active":"","ocean_menu_link_background":"","ocean_menu_link_hover_background":"","ocean_menu_link_active_background":"","ocean_menu_social_links_bg":"","ocean_menu_social_hover_links_bg":"","ocean_menu_social_links_color":"","ocean_menu_social_hover_links_color":"","ocean_disable_title":"on","ocean_disable_heading":"default","ocean_post_title":"","ocean_post_subheading":"","ocean_post_title_style":"","ocean_post_title_background_color":"","ocean_post_title_background":0,"ocean_post_title_bg_image_position":"","ocean_post_title_bg_image_attachment":"","ocean_post_title_bg_image_repeat":"","ocean_post_title_bg_image_size":"","ocean_post_title_height":0,"ocean_post_title_bg_overlay":0.5,"ocean_post_title_bg_overlay_color":"","ocean_disable_breadcrumbs":"default","ocean_breadcrumbs_color":"","ocean_breadcrumbs_separator_color":"","ocean_breadcrumbs_links_color":"","ocean_breadcrumbs_links_hover_color":"","ocean_display_footer_widgets":"default","ocean_display_footer_bottom":"default","ocean_custom_footer_template":"","iawp_total_views":3,"footnotes":""},"class_list":["post-1423","page","type-page","status-publish","hentry","entry"],"_links":{"self":[{"href":"https:\/\/testequiphub.com\/es\/wp-json\/wp\/v2\/pages\/1423","targetHints":{"allow":["GET"]}}],"collection":[{"href":"https:\/\/testequiphub.com\/es\/wp-json\/wp\/v2\/pages"}],"about":[{"href":"https:\/\/testequiphub.com\/es\/wp-json\/wp\/v2\/types\/page"}],"author":[{"embeddable":true,"href":"https:\/\/testequiphub.com\/es\/wp-json\/wp\/v2\/users\/1"}],"replies":[{"embeddable":true,"href":"https:\/\/testequiphub.com\/es\/wp-json\/wp\/v2\/comments?post=1423"}],"version-history":[{"count":2,"href":"https:\/\/testequiphub.com\/es\/wp-json\/wp\/v2\/pages\/1423\/revisions"}],"predecessor-version":[{"id":1425,"href":"https:\/\/testequiphub.com\/es\/wp-json\/wp\/v2\/pages\/1423\/revisions\/1425"}],"wp:attachment":[{"href":"https:\/\/testequiphub.com\/es\/wp-json\/wp\/v2\/media?parent=1423"}],"curies":[{"name":"wp","href":"https:\/\/api.w.org\/{rel}","templated":true}]}}