{"id":1430,"date":"2025-05-20T02:56:12","date_gmt":"2025-05-19T18:56:12","guid":{"rendered":"https:\/\/testequiphub.com\/?page_id=1430"},"modified":"2025-07-12T10:10:17","modified_gmt":"2025-07-12T02:10:17","slug":"medidor-del-indice-de-fluidez","status":"publish","type":"page","link":"https:\/\/testequiphub.com\/es\/medidor-del-indice-de-fluidez\/","title":{"rendered":"Medidor del \u00edndice de fluidez"},"content":{"rendered":"\t\t<div data-elementor-type=\"wp-page\" data-elementor-id=\"1430\" class=\"elementor elementor-1430\">\n\t\t\t\t<div class=\"elementor-element elementor-element-819d21c e-flex e-con-boxed e-con e-parent\" data-id=\"819d21c\" data-element_type=\"container\">\n\t\t\t\t\t<div class=\"e-con-inner\">\n\t\t\t\t<div class=\"elementor-element elementor-element-beb15af elementor-widget elementor-widget-html\" data-id=\"beb15af\" data-element_type=\"widget\" data-widget_type=\"html.default\">\n\t\t\t\t<div class=\"elementor-widget-container\">\n\t\t\t\t\t<div>\r\n\r\n\r\n  <meta charset=\"UTF-8\">\r\n  <meta name=\"viewport\" content=\"width=device-width, initial-scale=1.0\">\r\n  <title>Medidor del \u00edndice de fluidez<\/title>\r\n  <style>\r\n    body {\r\n      font-family: 'Segoe UI', sans-serif;\r\n      font-size: 18px;\r\n      line-height: 1.6;\r\n      color: #1a1a1a;\r\n      background-color: #eef5fb;\r\n      margin: 0;\r\n      padding: 0;\r\n    }\r\n    .container {\r\n      max-width: 1140px;\r\n      width: 100%;\r\n      margin: 0 auto;\r\n      padding: 40px 20px;\r\n      box-sizing: border-box;\r\n    }\r\n    h1 {\r\n      font-size: 42px;\r\n      margin-bottom: 20px;\r\n    }\r\n    h2 {\r\n      font-size: 28px;\r\n      margin: 60px 0 30px;\r\n      text-align: center;\r\n      color: #1a1a1a;\r\n    }\r\n    .hero-updated {\r\n      background: linear-gradient(to right, #dbefff, #f3f9ff);\r\n      padding: 50px 30px;\r\n      border-radius: 18px;\r\n      margin-bottom: 60px;\r\n      text-align: center;\r\n    }\r\n    .hero-title {\r\n      font-size: 42px;\r\n      font-weight: bold;\r\n      margin-bottom: 40px;\r\n    }\r\n    .hero-flex {\r\n      display: flex;\r\n      flex-wrap: wrap;\r\n      justify-content: space-between;\r\n      align-items: center;\r\n      text-align: left;\r\n      gap: 30px;\r\n    }\r\n    .hero-left {\r\n      flex: 1 1 50%;\r\n      padding: 10px 20px;\r\n      font-size: 18px;\r\n      line-height: 1.7;\r\n    }\r\n    .hero-right {\r\n      flex: 1 1 45%;\r\n      text-align: center;\r\n    }\r\n    .hero-right img {\r\n      max-width: 100%;\r\n      border-radius: 14px;\r\n      box-shadow: 0 6px 20px rgba(0,0,0,0.1);\r\n    }\r\n    .hero-buttons {\r\n      margin-top: 40px;\r\n      display: flex;\r\n      justify-content: center;\r\n      gap: 20px;\r\n      flex-wrap: wrap;\r\n    }\r\n    .btn-whatsapp,\r\n    .btn-call {\r\n      padding: 14px 28px;\r\n      font-size: 16px;\r\n      font-weight: bold;\r\n      text-decoration: none;\r\n      border-radius: 8px;\r\n      box-shadow: 0 4px 12px rgba(0,0,0,0.08);\r\n      transition: all 0.3s ease;\r\n      display: inline-flex;\r\n      justify-content: center;\r\n      align-items: center;\r\n      min-width: 220px;\r\n      height: 52px;\r\n      text-align: center;\r\n    }\r\n    .btn-whatsapp { background-color: #25D366; color: white; }\r\n    .btn-whatsapp:hover { background-color: #1ebe57; }\r\n    .btn-call { background-color: #007bff; color: white; }\r\n    .btn-call:hover { background-color: #0062cc; }\r\n    .video { text-align: center; }\r\n    .video video {\r\n      width: 100%;\r\n      max-width: 800px;\r\n      border-radius: 14px;\r\n      box-shadow: 0 4px 16px rgba(0,0,0,0.1);\r\n    }\r\n    .features {\r\n      display: grid;\r\n      grid-template-columns: repeat(auto-fit, minmax(240px, 1fr));\r\n      gap: 20px;\r\n    }\r\n    .card {\r\n      background: #ffffff;\r\n      padding: 20px;\r\n      border-radius: 14px;\r\n      box-shadow: 0 4px 12px rgba(0,0,0,0.08);\r\n    }\r\n    table {\r\n      width: 100%;\r\n      background: #ffffff;\r\n      border-radius: 12px;\r\n      overflow: hidden;\r\n      box-shadow: 0 3px 10px rgba(0,0,0,0.05);\r\n      border-spacing: 0;\r\n    }\r\n    table td {\r\n      padding: 14px 20px;\r\n      border-bottom: 1px solid #eee;\r\n    }\r\n    .faq details {\r\n      margin-bottom: 16px;\r\n      background: #fff;\r\n      padding: 20px;\r\n      border-radius: 10px;\r\n      box-shadow: 0 2px 8px rgba(0,0,0,0.04);\r\n    }\r\n    .cta {\r\n      text-align: center;\r\n      background: #0066ff;\r\n      padding: 40px 20px;\r\n      color: white;\r\n      border-radius: 12px;\r\n      margin-top: 60px;\r\n    }\r\n    .cta a {\r\n      display: inline-block;\r\n      margin-top: 16px;\r\n      padding: 14px 28px;\r\n      background: white;\r\n      color: #0066ff;\r\n      border-radius: 8px;\r\n      text-decoration: none;\r\n      font-weight: bold;\r\n      font-size: 18px;\r\n    }\r\n  <\/style>\r\n\r\n\r\n  <div class=\"container\">\r\n    <section class=\"hero-updated\">\r\n      <h1 class=\"hero-title\">Medidor del \u00edndice de fluidez<\/h1>\r\n      <div class=\"hero-flex\">\r\n        <div class=\"hero-left\">\r\n<p><strong>El medidor del \u00edndice de fluidez<\/strong> est\u00e1 dise\u00f1ado para medir el \u00edndice de fluidez de varios pol\u00edmeros de alto contenido en su estado fundido.<\/p>\r\nEs adecuado para pl\u00e1sticos t\u00e9cnicos de alto punto de fusi\u00f3n, como el policarbonato, el sulfuro de polifenileno y los fluoropl\u00e1sticos, as\u00ed como para materiales con puntos de fusi\u00f3n m\u00e1s bajos, como el polietileno, el poliestireno, el polipropileno, la resina ABS y la resina de polioximetileno.\r\nEl aparato cumple los m\u00e9todos reconocidos internacionalmente para comprobar el caudal m\u00e1sico de masa fundida y el caudal volum\u00e9trico de masa fundida de los pl\u00e1sticos termopl\u00e1sticos, lo que garantiza unos resultados precisos y fiables de las pruebas.\r\nSe utiliza ampliamente en la producci\u00f3n de pl\u00e1sticos, la fabricaci\u00f3n de productos pl\u00e1sticos y las industrias petroqu\u00edmicas, as\u00ed como en instituciones de investigaci\u00f3n y organismos de inspecci\u00f3n comercial.<\/p>\r\n        <\/div>\r\n        <div class=\"hero-right\">\r\n          <img decoding=\"async\" src=\"https:\/\/testequiphub.com\/wp-content\/uploads\/2025\/05\/%E5%B7%A6%E4%BE%A7.jpg\" alt=\"Medidor del \u00edndice de fluidez\">\r\n        <\/div>\r\n      <\/div>\r\n      <div class=\"hero-buttons\">\r\n        <a class=\"btn-whatsapp\" href=\"https:\/\/wa.me\/447923115240\" target=\"_blank\" rel=\"nofollow noopener\">\ud83d\udcac Chatea por WhatsApp<\/a>\r\n<a class=\"btn-call\" href=\"tel:+8617395577549\">\ud83d\udcde Ll\u00e1manos directamente<\/a>\r\n      <\/div>\r\n    <\/section>\r\n\r\n    <h2>\ud83c\udfa5 V\u00eddeo de demostraci\u00f3n del medidor del \u00edndice de fluidez<\/h2>\r\n    <div class=\"video\">\r\n      <video controls=\"\">\r\n        <source src=\"https:\/\/testequiphub.com\/wp-content\/uploads\/2025\/05\/15%E3%80%81%E7%86%94%E4%BD%93%E6%B5%81%E5%8A%A8%E9%80%9F%E7%8E%87%E6%B5%8B%E5%AE%9A%E4%BB%AA%EF%BC%88%E8%8B%B1%E6%96%87%EF%BC%89.mp4\" type=\"video\/mp4\">\r\n      <\/source><\/video>\r\n    <\/div>\r\n\r\n    <h2>\ud83d\uddbc\ufe0f Galer\u00eda de productos<\/h2>\r\n    <div class=\"features\">\r\n      <div class=\"card\"><img decoding=\"async\" src=\"https:\/\/testequiphub.com\/wp-content\/uploads\/2025\/05\/%E4%BE%A7%E9%9D%A2%E6%8A%8A%E6%89%8B%E7%BB%86%E8%8A%82.jpg\" alt=\"Detalle 1\"><p>\ud83d\udd27 Imagen de detalle 1<\/p><\/div>\r\n      <div class=\"card\"><img decoding=\"async\" src=\"https:\/\/testequiphub.com\/wp-content\/uploads\/2025\/05\/%E9%85%8D%E4%BB%B62-1.jpg\" alt=\"Detalle 2\"><p>\ud83d\udd27 Imagen de detalle 2<\/p><\/div>\r\n      <div class=\"card\"><img decoding=\"async\" src=\"https:\/\/testequiphub.com\/wp-content\/uploads\/2025\/05\/%E5%B1%8F%E5%B9%95%E7%BB%86%E8%8A%82.jpg\" alt=\"Detalle 3\"><p>\ud83d\udd27 Imagen de detalle 3<\/p><\/div>\r\n    <\/div>\r\n\r\n<h2>\u2699\ufe0f Caracter\u00edsticas del producto<\/h2>\r\n<div class=\"features\">\r\n  <div class=\"card\">\ud83d\udda5\ufe0f <strong>5\\\" Pantalla t\u00e1ctil en color:<\/strong> Interfaz limpia con visualizaci\u00f3n intuitiva de datos y funciones.<\/div>\r\n  <div class=\"card\">\ud83c\udf21\ufe0f <strong>Control de temperatura PID inteligente:<\/strong> Velocidad de calentamiento ajustable, desviaci\u00f3n \u2264 \u00b10,2\u00b0C, sin rebasamiento.<\/div>\r\n  <div class=\"card\">\ud83d\uddc2\ufe0f <strong>Almacenamiento de datos e impresora integrados:<\/strong> F\u00e1cil almacenamiento de registros e impresi\u00f3n instant\u00e1nea de datos.<\/div>\r\n  <div class=\"card\">\ud83d\udd29 <strong>Piezas de precisi\u00f3n:<\/strong> Componentes de n\u00facleo nitrurado para mayor durabilidad, estabilidad y alta precisi\u00f3n.<\/div>\r\n  <div class=\"card\">\ud83c\udf10 <strong>Sensor de platino avanzado:<\/strong> Precisi\u00f3n de clase A \u00b10,1\u00b0C, resistente a los golpes y a la corrosi\u00f3n, flexible hasta 450\u00b0C.<\/div>\r\n<\/div>\r\n\r\n<h2>\ud83c\udf0d \u00c1reas de aplicaci\u00f3n<\/h2>\r\n<div class=\"app-full-block-left\">\r\n  <p>\ud83c\udfed <strong>Plantas de fabricaci\u00f3n de pl\u00e1sticos<\/strong> - Se utilizan para comprobar el caudal de fusi\u00f3n de termopl\u00e1sticos como PE, PP y ABS para el control de calidad durante la extrusi\u00f3n y el moldeo.<\/p>\r\n  <p>\ud83e\uddea <strong>Laboratorios de Investigaci\u00f3n y Desarrollo<\/strong> - Proporciona datos precisos de MFR y MVR para el an\u00e1lisis de la formulaci\u00f3n de pol\u00edmeros y la optimizaci\u00f3n de procesos.<\/p>\r\n  <p>\ud83c\udfe2 <strong>Agencias de Inspecci\u00f3n Comercial<\/strong> - Garantizan el cumplimiento de la normativa y la certificaci\u00f3n est\u00e1ndar de materias primas y productos pl\u00e1sticos.<\/p>\r\n  <p>\u2699\ufe0f <strong>Industria petroqu\u00edmica<\/strong> - Eval\u00faa el comportamiento de flujo de las materias primas pl\u00e1sticas para garantizar la consistencia de los lotes y la idoneidad de los procesos posteriores.<\/p>\r\n<\/div>\r\n\r\n<style>\r\n.app-full-block-left {\r\n  background: #ffffff;\r\n  border-radius: 16px;\r\n  padding: 32px 30px;\r\n  box-shadow: 0 4px 16px rgba(0,0,0,0.08);\r\n  max-width: 100%;\r\n  margin: 30px auto;\r\n  font-size: 18px;\r\n  line-height: 1.8;\r\n  color: #1a1a1a;\r\n  text-align: left;\r\n}\r\n.app-full-block-left p {\r\n  margin: 0 0 20px;\r\n}\r\n.app-full-block-left p strong {\r\n  color: #000000;\r\n}\r\n<\/style>\r\n\r\n\r\n<h2>\ud83d\udcca Especificaciones t\u00e9cnicas<\/h2>\r\n<table>\r\n  <tr><td>Rango de temperatura de control<\/td><td>50\u00b0C - 450\u00b0C<\/td><\/tr>\r\n  <tr><td>Dimensiones<\/td><td>250 * 390 * 580 mm<\/td><\/tr>\r\n  <tr><td>Error de visualizaci\u00f3n de la temperatura<\/td><td>\u2264\u00b10.2\u00b0C<\/td><\/tr>\r\n  <tr><td>Fluctuaci\u00f3n de temperatura<\/td><td>\u00b10.1\u00b0C<\/td><\/tr>\r\n  <tr><td>Precisi\u00f3n del reloj<\/td><td>0.1s<\/td><\/tr>\r\n  <tr><td>Tiempo de recuperaci\u00f3n<\/td><td>\u22644min<\/td><\/tr>\r\n  <tr><td>Error de visualizaci\u00f3n del desplazamiento del pist\u00f3n<\/td><td>\u00b10,01 mm<\/td><\/tr>\r\n  <tr><td>Di\u00e1metro interior del molde<\/td><td>\u03a62,095\u00b10,005mm<\/td><\/tr>\r\n  <tr><td>Longitud del molde<\/td><td>8\u00b10,025 mm<\/td><\/tr>\r\n  <tr><td>Di\u00e1metro interior del ca\u00f1\u00f3n<\/td><td>\u03a69,55\u00b10,025mm<\/td><\/tr>\r\n  <tr><td>Di\u00e1metro de la cabeza del v\u00e1stago del pist\u00f3n<\/td><td>9,475\u00b10,015 mm<\/td><\/tr>\r\n  <tr><td>Longitud de la cabeza del v\u00e1stago del pist\u00f3n<\/td><td>6,35\u00b10,1 mm<\/td><\/tr>\r\n<\/table>\r\n\r\n<h2>\u2753 Preguntas frecuentes<\/h2>\r\n<section class=\"faq\">\r\n  <details><summary><strong>\u00bfQu\u00e9 tipos de pl\u00e1stico puede comprobar este instrumento?<\/strong><\/summary><p>Admite una amplia gama, desde pl\u00e1sticos de alto punto de fusi\u00f3n como el PPS y el PC hasta termopl\u00e1sticos comunes como el PE, el PP y el ABS.<\/p><\/details>\r\n  <details><summary><strong>\u00bfAdmite el aparato el control autom\u00e1tico de la temperatura?<\/strong><\/summary><p>S\u00ed, dispone de control inteligente de temperatura PID de gran precisi\u00f3n y seguridad.<\/p><\/details>\r\n  <details><summary><strong>\u00bfSe admite la impresi\u00f3n de datos?<\/strong><\/summary><p>S\u00ed, viene con una impresora integrada para una r\u00e1pida salida de datos.<\/p><\/details>\r\n<\/section>\r\n\r\n    <h2 style=\"text-align: center; margin-top: 80px;\">\ud83d\udca1 \u00bfPor qu\u00e9 elegirnos?<\/h2>\r\n    <div style=\"background-color: #ffffff; border-radius: 12px; padding: 30px; box-shadow: 0 4px 14px rgba(0,0,0,0.06); margin-top: 20px;\">\r\n      <p><strong>Tianchang Tongda Instruments Co., Ltd.<\/strong> es un fabricante de equipos de ensayo de confianza en China, con m\u00e1s de 20 a\u00f1os de experiencia en ensayos industriales y control de calidad.<\/p>\r\n      <p>Estamos especializados en equipos de alta precisi\u00f3n para tuber\u00edas, estructuras de acero, barras de refuerzo, cables, materiales aislantes y mucho m\u00e1s. Nuestros instrumentos se utilizan ampliamente en laboratorios, plantas de fabricaci\u00f3n, universidades y agencias de inspecci\u00f3n de terceros. <\/p>\r\n      <p>Como empresa con certificaci\u00f3n ISO, garantizamos que todos los productos cumplen normas internacionales como ISO, ASTM y EN. Desde la instalaci\u00f3n hasta la asistencia remota, ofrecemos un servicio fiable y asistencia t\u00e9cnica a largo plazo. <\/p>\r\n      <p>Nuestra red de ventas abarca todas las provincias de China y sigue expandi\u00e9ndose por todo el mundo. Clientes del Sudeste Asi\u00e1tico, Oriente Medio y Europa conf\u00edan en nosotros para obtener soluciones de ensayo precisas y eficaces. <\/p>\r\n      <ul style=\"list-style: none; padding-left: 0; margin-top: 20px;\">\r\n        <li>\u2705 M\u00e1s de 20 a\u00f1os de experiencia en fabricaci\u00f3n<\/li>\r\n        <li>\u2705 Cumple las normas ISO, ASTM y EN<\/li>\r\n        <li>\u2705 Adoptado por los mejores laboratorios y centros de investigaci\u00f3n<\/li>\r\n        <li>\u2705 Asistencia posventa completa y entrega r\u00e1pida<\/li>\r\n        <li>\u2705 Soluciones de pruebas personalizadas y adaptadas a tus necesidades<\/li>\r\n      <\/ul>\r\n    <\/div>\r\n\r\n<section class=\"cta\">\r\n  <h2>\u00bfNecesitas un presupuesto o una consulta?<\/h2>\r\n  <p>Ponte en contacto con nosotros ahora para encontrar el modelo adecuado a tus necesidades de pruebas.<\/p>\r\n  <p style=\"margin-top:12px;\">\ud83d\udce6 Entrega mundial disponible.<\/p>\r\n  <a href=\"https:\/\/wa.me\/447923115240\" target=\"_blank\" rel=\"nofollow noopener\">\ud83d\udce5 Chatear por WhatsApp<\/a>\r\n<\/section>\r\n<\/div>\r\n\r\n\r\n<\/div>\t\t\t\t<\/div>\n\t\t\t\t<\/div>\n\t\t\t\t\t<\/div>\n\t\t\t\t<\/div>\n\t\t\t\t<\/div>\n\t\t","protected":false},"excerpt":{"rendered":"<p>Medidor del \u00edndice de fluidez Medidor del \u00edndice de fluidez El medidor del \u00edndice de fluidez est\u00e1 dise\u00f1ado para medir el \u00edndice de fluidez de varios pol\u00edmeros de alto contenido en su estado fundido. Es adecuado para pl\u00e1sticos t\u00e9cnicos de alto punto de fusi\u00f3n, como el policarbonato, el sulfuro de polifenileno y los fluoropl\u00e1sticos, as\u00ed [&hellip;]<\/p>\n","protected":false},"author":1,"featured_media":0,"parent":0,"menu_order":0,"comment_status":"closed","ping_status":"closed","template":"","meta":{"ocean_post_layout":"full-screen","ocean_both_sidebars_style":"","ocean_both_sidebars_content_width":0,"ocean_both_sidebars_sidebars_width":0,"ocean_sidebar":"","ocean_second_sidebar":"","ocean_disable_margins":"enable","ocean_add_body_class":"","ocean_shortcode_before_top_bar":"","ocean_shortcode_after_top_bar":"","ocean_shortcode_before_header":"","ocean_shortcode_after_header":"","ocean_has_shortcode":"","ocean_shortcode_after_title":"","ocean_shortcode_before_footer_widgets":"","ocean_shortcode_after_footer_widgets":"","ocean_shortcode_before_footer_bottom":"","ocean_shortcode_after_footer_bottom":"","ocean_display_top_bar":"off","ocean_display_header":"default","ocean_header_style":"","ocean_center_header_left_menu":"","ocean_custom_header_template":"","ocean_custom_logo":0,"ocean_custom_retina_logo":0,"ocean_custom_logo_max_width":0,"ocean_custom_logo_tablet_max_width":0,"ocean_custom_logo_mobile_max_width":0,"ocean_custom_logo_max_height":0,"ocean_custom_logo_tablet_max_height":0,"ocean_custom_logo_mobile_max_height":0,"ocean_header_custom_menu":"","ocean_menu_typo_font_family":"","ocean_menu_typo_font_subset":"","ocean_menu_typo_font_size":0,"ocean_menu_typo_font_size_tablet":0,"ocean_menu_typo_font_size_mobile":0,"ocean_menu_typo_font_size_unit":"px","ocean_menu_typo_font_weight":"","ocean_menu_typo_font_weight_tablet":"","ocean_menu_typo_font_weight_mobile":"","ocean_menu_typo_transform":"","ocean_menu_typo_transform_tablet":"","ocean_menu_typo_transform_mobile":"","ocean_menu_typo_line_height":0,"ocean_menu_typo_line_height_tablet":0,"ocean_menu_typo_line_height_mobile":0,"ocean_menu_typo_line_height_unit":"","ocean_menu_typo_spacing":0,"ocean_menu_typo_spacing_tablet":0,"ocean_menu_typo_spacing_mobile":0,"ocean_menu_typo_spacing_unit":"","ocean_menu_link_color":"","ocean_menu_link_color_hover":"","ocean_menu_link_color_active":"","ocean_menu_link_background":"","ocean_menu_link_hover_background":"","ocean_menu_link_active_background":"","ocean_menu_social_links_bg":"","ocean_menu_social_hover_links_bg":"","ocean_menu_social_links_color":"","ocean_menu_social_hover_links_color":"","ocean_disable_title":"on","ocean_disable_heading":"default","ocean_post_title":"","ocean_post_subheading":"","ocean_post_title_style":"","ocean_post_title_background_color":"","ocean_post_title_background":0,"ocean_post_title_bg_image_position":"","ocean_post_title_bg_image_attachment":"","ocean_post_title_bg_image_repeat":"","ocean_post_title_bg_image_size":"","ocean_post_title_height":0,"ocean_post_title_bg_overlay":0.5,"ocean_post_title_bg_overlay_color":"","ocean_disable_breadcrumbs":"default","ocean_breadcrumbs_color":"","ocean_breadcrumbs_separator_color":"","ocean_breadcrumbs_links_color":"","ocean_breadcrumbs_links_hover_color":"","ocean_display_footer_widgets":"default","ocean_display_footer_bottom":"default","ocean_custom_footer_template":"","iawp_total_views":11,"footnotes":""},"class_list":["post-1430","page","type-page","status-publish","hentry","entry"],"_links":{"self":[{"href":"https:\/\/testequiphub.com\/es\/wp-json\/wp\/v2\/pages\/1430","targetHints":{"allow":["GET"]}}],"collection":[{"href":"https:\/\/testequiphub.com\/es\/wp-json\/wp\/v2\/pages"}],"about":[{"href":"https:\/\/testequiphub.com\/es\/wp-json\/wp\/v2\/types\/page"}],"author":[{"embeddable":true,"href":"https:\/\/testequiphub.com\/es\/wp-json\/wp\/v2\/users\/1"}],"replies":[{"embeddable":true,"href":"https:\/\/testequiphub.com\/es\/wp-json\/wp\/v2\/comments?post=1430"}],"version-history":[{"count":6,"href":"https:\/\/testequiphub.com\/es\/wp-json\/wp\/v2\/pages\/1430\/revisions"}],"predecessor-version":[{"id":1436,"href":"https:\/\/testequiphub.com\/es\/wp-json\/wp\/v2\/pages\/1430\/revisions\/1436"}],"wp:attachment":[{"href":"https:\/\/testequiphub.com\/es\/wp-json\/wp\/v2\/media?parent=1430"}],"curies":[{"name":"wp","href":"https:\/\/api.w.org\/{rel}","templated":true}]}}