{"id":878,"date":"2025-05-20T05:13:51","date_gmt":"2025-05-19T21:13:51","guid":{"rendered":"https:\/\/testequiphub.com\/politica-de-privacidad\/"},"modified":"2025-06-28T13:19:55","modified_gmt":"2025-06-28T05:19:55","slug":"politica-de-privacidad","status":"publish","type":"page","link":"https:\/\/testequiphub.com\/es\/politica-de-privacidad\/","title":{"rendered":"Pol\u00edtica de privacidad"},"content":{"rendered":"\t\t<div data-elementor-type=\"wp-page\" data-elementor-id=\"878\" class=\"elementor elementor-878 elementor-183\">\n\t\t\t\t<div class=\"elementor-element elementor-element-45ee4db4 e-flex e-con-boxed e-con e-parent\" data-id=\"45ee4db4\" data-element_type=\"container\" data-settings=\"{&quot;background_background&quot;:&quot;classic&quot;}\">\n\t\t\t\t\t<div class=\"e-con-inner\">\n\t\t\t\t<div class=\"elementor-element elementor-element-249f78c5 elementor-widget elementor-widget-text-editor\" data-id=\"249f78c5\" data-element_type=\"widget\" data-widget_type=\"text-editor.default\">\n\t\t\t\t<div class=\"elementor-widget-container\">\n\t\t\t\t\t\t\t\t\t\n<p><strong>Fecha de entrada en vigor:<\/strong> 20 de mayo de 2025<br><strong>Empresa:<\/strong> Tianchang Tongda Instruments<br><strong>Correo electr\u00f3nico de contacto:<\/strong> <a>hebeijingchuang@gmail.com<\/a><\/p>\n\n<h4 class=\"wp-block-heading\"><strong>1. Qui\u00e9nes somos<\/strong><\/h4>\n\n<p>La direcci\u00f3n de nuestro sitio web es: <a class=\"\" href=\"https:\/\/testequiphub.com\/es\/\">https:\/\/testequiphub.com.<\/a> Tianchang Tongda Instruments es una empresa con sede en China que suministra equipos de ensayo profesionales. <\/p>\n\n<h4 class=\"wp-block-heading\"><strong>2. Qu\u00e9 datos recogemos<\/strong><\/h4>\n\n<p>No exigimos a los usuarios que se registren o inicien sesi\u00f3n para acceder a este sitio web. No recogemos ninguna informaci\u00f3n de pago ni datos personales sensibles a trav\u00e9s de nuestro sitio web. No se utilizan formularios.  <\/p>\n\n<h4 class=\"wp-block-heading\"><strong>3. Anal\u00edtica<\/strong><\/h4>\n\n<p>Utilizamos <a>Google Analytics<\/a> para comprender c\u00f3mo interact\u00faan los usuarios con nuestro sitio web. Google Analytics recopila datos an\u00f3nimos como el tipo de navegador, dispositivo, sistema operativo, pa\u00eds\/regi\u00f3n y p\u00e1ginas visitadas. Estos datos se utilizan estrictamente para el an\u00e1lisis interno y la optimizaci\u00f3n del rendimiento.  <\/p>\n\n<p>Puedes inhabilitar el seguimiento de Google Analytics instalando el <a>Complemento de inhabilitaci\u00f3n para navegadores de Google Analytics<\/a>.<\/p>\n\n<h4 class=\"wp-block-heading\"><strong>4. Cookies<\/strong><\/h4>\n\n<p>Nuestro sitio web puede utilizar cookies para mejorar tu experiencia de navegaci\u00f3n y analizar los datos de uso a trav\u00e9s de Google Analytics. Estas cookies no recopilan informaci\u00f3n personal. Puedes desactivar las cookies en cualquier momento a trav\u00e9s de la configuraci\u00f3n de tu navegador.  <\/p>\n\n<h4 class=\"wp-block-heading\"><strong>5. Contenido incrustado de otros sitios web<\/strong><\/h4>\n\n<p>Los art\u00edculos de este sitio pueden incluir contenido incrustado (por ejemplo, v\u00eddeos de YouTube, mapas, im\u00e1genes). El contenido incrustado de otros sitios web se comporta exactamente igual que si el visitante hubiera visitado el otro sitio web directamente. <\/p>\n\n<h4 class=\"wp-block-heading\"><strong>6. Compartir datos<\/strong><\/h4>\n\n<p>No compartimos tus datos con terceros. No vendemos, alquilamos ni revelamos informaci\u00f3n personal a ninguna entidad externa. <\/p>\n\n<h4 class=\"wp-block-heading\"><strong>7. Alojamiento de datos<\/strong><\/h4>\n\n<p>Nuestro sitio web est\u00e1 alojado en servidores ubicados en Singapur. Esto puede implicar un acceso transfronterizo a los datos, dependiendo de la ubicaci\u00f3n del visitante. <\/p>\n\n<h4 class=\"wp-block-heading\"><strong>8. Contacta con<\/strong><\/h4>\n\n<p>Si tienes alguna pregunta sobre esta pol\u00edtica de privacidad, puedes ponerte en contacto con nosotros en<br>\ud83d\udce7 <strong>Correo electr\u00f3nico:<\/strong> <a>hebeijingchuang@gmail.com<\/a><\/p>\n\n<p> <\/p>\n\t\t\t\t\t\t\t\t<\/div>\n\t\t\t\t<\/div>\n\t\t\t\t\t<\/div>\n\t\t\t\t<\/div>\n\t\t\t\t<\/div>\n\t\t","protected":false},"excerpt":{"rendered":"<p>Fecha de entrada en vigor: 20 de mayo de 2025Empresa: Tianchang Tongda InstrumentsCorreo electr\u00f3nico de contacto: hebeijingchuang@gmail.com 1. Qui\u00e9nes somos La direcci\u00f3n de nuestro sitio web es: https:\/\/testequiphub.com. Tianchang Tongda Instruments es una empresa con sede en China que suministra equipos de ensayo profesionales. 2. Qu\u00e9 datos recogemos No exigimos a los usuarios que se [&hellip;]<\/p>\n","protected":false},"author":1,"featured_media":0,"parent":0,"menu_order":0,"comment_status":"closed","ping_status":"closed","template":"","meta":{"ocean_post_layout":"","ocean_both_sidebars_style":"","ocean_both_sidebars_content_width":0,"ocean_both_sidebars_sidebars_width":0,"ocean_sidebar":"","ocean_second_sidebar":"","ocean_disable_margins":"enable","ocean_add_body_class":"","ocean_shortcode_before_top_bar":"","ocean_shortcode_after_top_bar":"","ocean_shortcode_before_header":"","ocean_shortcode_after_header":"","ocean_has_shortcode":"","ocean_shortcode_after_title":"","ocean_shortcode_before_footer_widgets":"","ocean_shortcode_after_footer_widgets":"","ocean_shortcode_before_footer_bottom":"","ocean_shortcode_after_footer_bottom":"","ocean_display_top_bar":"default","ocean_display_header":"default","ocean_header_style":"","ocean_center_header_left_menu":"","ocean_custom_header_template":"","ocean_custom_logo":0,"ocean_custom_retina_logo":0,"ocean_custom_logo_max_width":0,"ocean_custom_logo_tablet_max_width":0,"ocean_custom_logo_mobile_max_width":0,"ocean_custom_logo_max_height":0,"ocean_custom_logo_tablet_max_height":0,"ocean_custom_logo_mobile_max_height":0,"ocean_header_custom_menu":"","ocean_menu_typo_font_family":"","ocean_menu_typo_font_subset":"","ocean_menu_typo_font_size":0,"ocean_menu_typo_font_size_tablet":0,"ocean_menu_typo_font_size_mobile":0,"ocean_menu_typo_font_size_unit":"px","ocean_menu_typo_font_weight":"","ocean_menu_typo_font_weight_tablet":"","ocean_menu_typo_font_weight_mobile":"","ocean_menu_typo_transform":"","ocean_menu_typo_transform_tablet":"","ocean_menu_typo_transform_mobile":"","ocean_menu_typo_line_height":0,"ocean_menu_typo_line_height_tablet":0,"ocean_menu_typo_line_height_mobile":0,"ocean_menu_typo_line_height_unit":"","ocean_menu_typo_spacing":0,"ocean_menu_typo_spacing_tablet":0,"ocean_menu_typo_spacing_mobile":0,"ocean_menu_typo_spacing_unit":"","ocean_menu_link_color":"","ocean_menu_link_color_hover":"","ocean_menu_link_color_active":"","ocean_menu_link_background":"","ocean_menu_link_hover_background":"","ocean_menu_link_active_background":"","ocean_menu_social_links_bg":"","ocean_menu_social_hover_links_bg":"","ocean_menu_social_links_color":"","ocean_menu_social_hover_links_color":"","ocean_disable_title":"default","ocean_disable_heading":"default","ocean_post_title":"","ocean_post_subheading":"","ocean_post_title_style":"","ocean_post_title_background_color":"","ocean_post_title_background":0,"ocean_post_title_bg_image_position":"","ocean_post_title_bg_image_attachment":"","ocean_post_title_bg_image_repeat":"","ocean_post_title_bg_image_size":"","ocean_post_title_height":0,"ocean_post_title_bg_overlay":0.5,"ocean_post_title_bg_overlay_color":"","ocean_disable_breadcrumbs":"default","ocean_breadcrumbs_color":"","ocean_breadcrumbs_separator_color":"","ocean_breadcrumbs_links_color":"","ocean_breadcrumbs_links_hover_color":"","ocean_display_footer_widgets":"default","ocean_display_footer_bottom":"default","ocean_custom_footer_template":"","iawp_total_views":0,"footnotes":""},"class_list":["post-878","page","type-page","status-publish","hentry","entry"],"_links":{"self":[{"href":"https:\/\/testequiphub.com\/es\/wp-json\/wp\/v2\/pages\/878","targetHints":{"allow":["GET"]}}],"collection":[{"href":"https:\/\/testequiphub.com\/es\/wp-json\/wp\/v2\/pages"}],"about":[{"href":"https:\/\/testequiphub.com\/es\/wp-json\/wp\/v2\/types\/page"}],"author":[{"embeddable":true,"href":"https:\/\/testequiphub.com\/es\/wp-json\/wp\/v2\/users\/1"}],"replies":[{"embeddable":true,"href":"https:\/\/testequiphub.com\/es\/wp-json\/wp\/v2\/comments?post=878"}],"version-history":[{"count":3,"href":"https:\/\/testequiphub.com\/es\/wp-json\/wp\/v2\/pages\/878\/revisions"}],"predecessor-version":[{"id":881,"href":"https:\/\/testequiphub.com\/es\/wp-json\/wp\/v2\/pages\/878\/revisions\/881"}],"wp:attachment":[{"href":"https:\/\/testequiphub.com\/es\/wp-json\/wp\/v2\/media?parent=878"}],"curies":[{"name":"wp","href":"https:\/\/api.w.org\/{rel}","templated":true}]}}